{"id":109,"date":"2017-05-30T17:43:12","date_gmt":"2017-05-30T15:43:12","guid":{"rendered":"https:\/\/rorosguide.no\/om-oss\/"},"modified":"2019-04-23T10:50:49","modified_gmt":"2019-04-23T08:50:49","slug":"about-us","status":"publish","type":"page","link":"https:\/\/rorosguide.no\/en\/about-us\/","title":{"rendered":"About us"},"content":{"rendered":"<p>R\u00f8ros Guide offers guided tours in the R\u00f8ros area. We have walking tours, cycle excursions and bike hire. Our aim is that you, the customer, should have a good and a safe experience. We can achieve this because all our guides have local knowledge &#8211; and know about the best places to visit here in R\u00f8ros. Vi cater for every level of ability and ambition, and offer everything from short daytrips to weekend excursions.<\/p>\n<h4>Hiking<\/h4>\n<p>If you are after a gentle stroll in the forest or mountains, with lunch and coffee around the bonfire, then this is for you! We have walks which are close to R\u00f8ros town centre and others out in the country at Femundsa\u030asen \/Flensmarka.<\/p>\n<h4>Cycling<\/h4>\n<p>R\u00f8ros is a mecca for cycle enthusiasts! We have a huge network of cycle paths to suit both families and keen off-road cyclists. Your guide knows all the best places and will tailor your tour to suit your individual wishes.<\/p>\n<h4>Bikerental<\/h4>\n<div class=\"page\" title=\"Page 1\">\n<div class=\"layoutArea\">\n<div class=\"column\">\n<p>We have mountainbikes with full suspension, and ordinary mountain bikes for hire.<\/p>\n<\/div>\n<\/div>\n<\/div>\n<hr \/>\n<h4>Get in touch<\/h4>\n<p>If you have questions or would like to book a tour with us, just get in touch:<\/p>\n<p>(+47) 977 61 521<br \/>\n<a href=\"mailto:post@rorosguide.no\">post@rorosguide.no<\/a><\/p>\n<hr \/>\n<h4>You&#8217;ll find us here<\/h4>\n<p><iframe loading=\"lazy\" style=\"border: 0;\" src=\"https:\/\/www.google.com\/maps\/embed?pb=!1m18!1m12!1m3!1d1837.7246971036975!2d11.376068316448988!3d62.573936182909314!2m3!1f0!2f0!3f0!3m2!1i1024!2i768!4f13.1!3m3!1m2!1s0x466c64c2cf7618ab%3A0xb00b8911ff95a412!2sTollef+Bredals+vei+11%2C+7374+R%C3%B8ros!5e0!3m2!1sno!2sno!4v1554795478124!5m2!1sno!2sno\" width=\"800\" height=\"600\" frameborder=\"0\" allowfullscreen=\"allowfullscreen\"><\/iframe><\/p>\n","protected":false},"excerpt":{"rendered":"<p>R\u00f8ros Guide offers guided tours in the R\u00f8ros area. We have walking tours, cycle excursions and bike hire. Our aim is that you, the customer, should have a good and&#8230;<\/p>\n","protected":false},"author":1,"featured_media":0,"parent":0,"menu_order":1,"comment_status":"closed","ping_status":"closed","template":"","meta":{"_exactmetrics_skip_tracking":false,"_exactmetrics_sitenote_active":false,"_exactmetrics_sitenote_note":"","_exactmetrics_sitenote_category":0,"footnotes":""},"yoast_head":"<!-- This site is optimized with the Yoast SEO plugin v23.5 - https:\/\/yoast.com\/wordpress\/plugins\/seo\/ -->\n<title>About us - R\u00f8ros Guide<\/title>\n<meta name=\"description\" content=\"R\u00f8ros Guide offers guided tours in the R\u00f8ros area. We have walking tours, cycle excursions and bike hire.\" \/>\n<meta name=\"robots\" content=\"index, follow, max-snippet:-1, max-image-preview:large, max-video-preview:-1\" \/>\n<link rel=\"canonical\" href=\"https:\/\/rorosguide.no\/en\/about-us\/\" \/>\n<meta property=\"og:locale\" content=\"en_US\" \/>\n<meta property=\"og:type\" content=\"article\" \/>\n<meta property=\"og:title\" content=\"About us - R\u00f8ros Guide\" \/>\n<meta property=\"og:description\" content=\"R\u00f8ros Guide offers guided tours in the R\u00f8ros area. We have walking tours, cycle excursions and bike hire.\" \/>\n<meta property=\"og:url\" content=\"https:\/\/rorosguide.no\/en\/about-us\/\" \/>\n<meta property=\"og:site_name\" content=\"R\u00f8ros Guide\" \/>\n<meta property=\"article:publisher\" content=\"https:\/\/www.facebook.com\/rorosguide\" \/>\n<meta property=\"article:modified_time\" content=\"2019-04-23T08:50:49+00:00\" \/>\n<meta name=\"twitter:card\" content=\"summary_large_image\" \/>\n<meta name=\"twitter:label1\" content=\"Est. reading time\" \/>\n\t<meta name=\"twitter:data1\" content=\"1 minute\" \/>\n<script type=\"application\/ld+json\" class=\"yoast-schema-graph\">{\"@context\":\"https:\/\/schema.org\",\"@graph\":[{\"@type\":\"WebPage\",\"@id\":\"https:\/\/rorosguide.no\/en\/about-us\/\",\"url\":\"https:\/\/rorosguide.no\/en\/about-us\/\",\"name\":\"About us - R\u00f8ros Guide\",\"isPartOf\":{\"@id\":\"https:\/\/rorosguide.no\/#website\"},\"datePublished\":\"2017-05-30T15:43:12+00:00\",\"dateModified\":\"2019-04-23T08:50:49+00:00\",\"description\":\"R\u00f8ros Guide offers guided tours in the R\u00f8ros area. We have walking tours, cycle excursions and bike hire.\",\"breadcrumb\":{\"@id\":\"https:\/\/rorosguide.no\/en\/about-us\/#breadcrumb\"},\"inLanguage\":\"en-US\",\"potentialAction\":[{\"@type\":\"ReadAction\",\"target\":[\"https:\/\/rorosguide.no\/en\/about-us\/\"]}]},{\"@type\":\"BreadcrumbList\",\"@id\":\"https:\/\/rorosguide.no\/en\/about-us\/#breadcrumb\",\"itemListElement\":[{\"@type\":\"ListItem\",\"position\":1,\"name\":\"Hjem\",\"item\":\"https:\/\/rorosguide.no\/\"},{\"@type\":\"ListItem\",\"position\":2,\"name\":\"About us\"}]},{\"@type\":\"WebSite\",\"@id\":\"https:\/\/rorosguide.no\/#website\",\"url\":\"https:\/\/rorosguide.no\/\",\"name\":\"R\u00f8ros Guide\",\"description\":\"\",\"publisher\":{\"@id\":\"https:\/\/rorosguide.no\/#organization\"},\"potentialAction\":[{\"@type\":\"SearchAction\",\"target\":{\"@type\":\"EntryPoint\",\"urlTemplate\":\"https:\/\/rorosguide.no\/?s={search_term_string}\"},\"query-input\":{\"@type\":\"PropertyValueSpecification\",\"valueRequired\":true,\"valueName\":\"search_term_string\"}}],\"inLanguage\":\"en-US\"},{\"@type\":\"Organization\",\"@id\":\"https:\/\/rorosguide.no\/#organization\",\"name\":\"R\u00f8ros Guide\",\"url\":\"https:\/\/rorosguide.no\/\",\"logo\":{\"@type\":\"ImageObject\",\"inLanguage\":\"en-US\",\"@id\":\"https:\/\/rorosguide.no\/#\/schema\/logo\/image\/\",\"url\":\"https:\/\/rorosguide.no\/wp-content\/uploads\/2019\/04\/rorosguide_liggende.png\",\"contentUrl\":\"https:\/\/rorosguide.no\/wp-content\/uploads\/2019\/04\/rorosguide_liggende.png\",\"width\":504,\"height\":235,\"caption\":\"R\u00f8ros Guide\"},\"image\":{\"@id\":\"https:\/\/rorosguide.no\/#\/schema\/logo\/image\/\"},\"sameAs\":[\"https:\/\/www.facebook.com\/rorosguide\",\"https:\/\/www.instagram.com\/roros_guide\/\"]}]}<\/script>\n<!-- \/ Yoast SEO plugin. -->","yoast_head_json":{"title":"About us - R\u00f8ros Guide","description":"R\u00f8ros Guide offers guided tours in the R\u00f8ros area. We have walking tours, cycle excursions and bike hire.","robots":{"index":"index","follow":"follow","max-snippet":"max-snippet:-1","max-image-preview":"max-image-preview:large","max-video-preview":"max-video-preview:-1"},"canonical":"https:\/\/rorosguide.no\/en\/about-us\/","og_locale":"en_US","og_type":"article","og_title":"About us - R\u00f8ros Guide","og_description":"R\u00f8ros Guide offers guided tours in the R\u00f8ros area. We have walking tours, cycle excursions and bike hire.","og_url":"https:\/\/rorosguide.no\/en\/about-us\/","og_site_name":"R\u00f8ros Guide","article_publisher":"https:\/\/www.facebook.com\/rorosguide","article_modified_time":"2019-04-23T08:50:49+00:00","twitter_card":"summary_large_image","twitter_misc":{"Est. reading time":"1 minute"},"schema":{"@context":"https:\/\/schema.org","@graph":[{"@type":"WebPage","@id":"https:\/\/rorosguide.no\/en\/about-us\/","url":"https:\/\/rorosguide.no\/en\/about-us\/","name":"About us - R\u00f8ros Guide","isPartOf":{"@id":"https:\/\/rorosguide.no\/#website"},"datePublished":"2017-05-30T15:43:12+00:00","dateModified":"2019-04-23T08:50:49+00:00","description":"R\u00f8ros Guide offers guided tours in the R\u00f8ros area. We have walking tours, cycle excursions and bike hire.","breadcrumb":{"@id":"https:\/\/rorosguide.no\/en\/about-us\/#breadcrumb"},"inLanguage":"en-US","potentialAction":[{"@type":"ReadAction","target":["https:\/\/rorosguide.no\/en\/about-us\/"]}]},{"@type":"BreadcrumbList","@id":"https:\/\/rorosguide.no\/en\/about-us\/#breadcrumb","itemListElement":[{"@type":"ListItem","position":1,"name":"Hjem","item":"https:\/\/rorosguide.no\/"},{"@type":"ListItem","position":2,"name":"About us"}]},{"@type":"WebSite","@id":"https:\/\/rorosguide.no\/#website","url":"https:\/\/rorosguide.no\/","name":"R\u00f8ros Guide","description":"","publisher":{"@id":"https:\/\/rorosguide.no\/#organization"},"potentialAction":[{"@type":"SearchAction","target":{"@type":"EntryPoint","urlTemplate":"https:\/\/rorosguide.no\/?s={search_term_string}"},"query-input":{"@type":"PropertyValueSpecification","valueRequired":true,"valueName":"search_term_string"}}],"inLanguage":"en-US"},{"@type":"Organization","@id":"https:\/\/rorosguide.no\/#organization","name":"R\u00f8ros Guide","url":"https:\/\/rorosguide.no\/","logo":{"@type":"ImageObject","inLanguage":"en-US","@id":"https:\/\/rorosguide.no\/#\/schema\/logo\/image\/","url":"https:\/\/rorosguide.no\/wp-content\/uploads\/2019\/04\/rorosguide_liggende.png","contentUrl":"https:\/\/rorosguide.no\/wp-content\/uploads\/2019\/04\/rorosguide_liggende.png","width":504,"height":235,"caption":"R\u00f8ros Guide"},"image":{"@id":"https:\/\/rorosguide.no\/#\/schema\/logo\/image\/"},"sameAs":["https:\/\/www.facebook.com\/rorosguide","https:\/\/www.instagram.com\/roros_guide\/"]}]}},"_links":{"self":[{"href":"https:\/\/rorosguide.no\/en\/wp-json\/wp\/v2\/pages\/109"}],"collection":[{"href":"https:\/\/rorosguide.no\/en\/wp-json\/wp\/v2\/pages"}],"about":[{"href":"https:\/\/rorosguide.no\/en\/wp-json\/wp\/v2\/types\/page"}],"author":[{"embeddable":true,"href":"https:\/\/rorosguide.no\/en\/wp-json\/wp\/v2\/users\/1"}],"replies":[{"embeddable":true,"href":"https:\/\/rorosguide.no\/en\/wp-json\/wp\/v2\/comments?post=109"}],"version-history":[{"count":7,"href":"https:\/\/rorosguide.no\/en\/wp-json\/wp\/v2\/pages\/109\/revisions"}],"predecessor-version":[{"id":528,"href":"https:\/\/rorosguide.no\/en\/wp-json\/wp\/v2\/pages\/109\/revisions\/528"}],"wp:attachment":[{"href":"https:\/\/rorosguide.no\/en\/wp-json\/wp\/v2\/media?parent=109"}],"curies":[{"name":"wp","href":"https:\/\/api.w.org\/{rel}","templated":true}]}}