{"id":468,"date":"2019-04-11T14:48:42","date_gmt":"2019-04-11T12:48:42","guid":{"rendered":"https:\/\/rorosguide.no\/sykkelutleie\/"},"modified":"2023-06-21T22:10:20","modified_gmt":"2023-06-21T20:10:20","slug":"rental-bike-and-canoe","status":"publish","type":"page","link":"https:\/\/rorosguide.no\/en\/rental-bike-and-canoe\/","title":{"rendered":"Rental &#8211; bike and canoe"},"content":{"rendered":"<p><i>Bike rental prices:<\/i><\/p>\n<p><i><\/i><i><\/i><img loading=\"lazy\" decoding=\"async\" class=\"alignright wp-image-456 size-medium\" title=\"GT Avalanche Sport\" src=\"https:\/\/rorosguide.no\/wp-content\/uploads\/2019\/04\/GT-avalanche-sport-300x169.jpg\" alt=\"GT Avalanche Sport\" width=\"300\" height=\"169\" srcset=\"https:\/\/rorosguide.no\/wp-content\/uploads\/2019\/04\/GT-avalanche-sport-300x169.jpg 300w, https:\/\/rorosguide.no\/wp-content\/uploads\/2019\/04\/GT-avalanche-sport-768x433.jpg 768w, https:\/\/rorosguide.no\/wp-content\/uploads\/2019\/04\/GT-avalanche-sport-1024x577.jpg 1024w, https:\/\/rorosguide.no\/wp-content\/uploads\/2019\/04\/GT-avalanche-sport.jpg 1440w\" sizes=\"(max-width: 300px) 100vw, 300px\" \/><\/p>\n<h4>MTB, hardtail<\/h4>\n<p>1 day: \u00a0 NOK 500<\/p>\n<p>Extra days?\u00a0 NOK 350 pr. extra day<\/p>\n<p>&nbsp;<\/p>\n<hr \/>\n<p><img loading=\"lazy\" decoding=\"async\" class=\"alignright wp-image-458 size-medium\" title=\"GT Force Comp\" src=\"https:\/\/rorosguide.no\/wp-content\/uploads\/2019\/04\/GT-Force-Comp-300x166.jpg\" alt=\"GT Force Comp\" width=\"300\" height=\"166\" srcset=\"https:\/\/rorosguide.no\/wp-content\/uploads\/2019\/04\/GT-Force-Comp-300x166.jpg 300w, https:\/\/rorosguide.no\/wp-content\/uploads\/2019\/04\/GT-Force-Comp-768x425.jpg 768w, https:\/\/rorosguide.no\/wp-content\/uploads\/2019\/04\/GT-Force-Comp-1024x566.jpg 1024w, https:\/\/rorosguide.no\/wp-content\/uploads\/2019\/04\/GT-Force-Comp.jpg 1440w\" sizes=\"(max-width: 300px) 100vw, 300px\" \/><\/p>\n<h4>Full suspension bike<\/h4>\n<p>1 day: \u00a0 NOK 700<\/p>\n<p>Extra\u00a0days? NOK 550 pr. extra day<\/p>\n<p>&nbsp;<\/p>\n<p>&nbsp;<\/p>\n<p>_____________________________________________________________________<\/p>\n<p><strong>Fatbike: \u00a0 \u00a0 \u00a0 \u00a0 \u00a0 \u00a0 \u00a0 \u00a0 \u00a0 \u00a0 \u00a0 \u00a0 \u00a0 \u00a0 \u00a0 \u00a0 \u00a0 \u00a0 \u00a0 \u00a0 \u00a0 \u00a0 \u00a0 \u00a0 \u00a0 \u00a0 \u00a0 \u00a0 \u00a0 \u00a0 \u00a0 \u00a0 \u00a0 \u00a0 \u00a0 \u00a0 \u00a0 \u00a0 \u00a0 \u00a0 \u00a0 \u00a0\u00a0<\/strong><\/p>\n<p>1 day: NOK 500.<\/p>\n<p>Extra days? NOK 350 pr. extra da<\/p>\n<hr \/>\n<p><strong>Electric bikes<\/strong>: Trekking bikes from Haibike, Hard Rocx and Giant<\/p>\n<p>NOK 750 pr. day<\/p>\n<p>________________________________________________________________________<\/p>\n<p>Helmet: NOK 50 pr. day<br \/>\nSPD pedal: NOK 50 pr.day<\/p>\n<p>The bikes are brand new. All bikes comes with ordinary pedals, extra tubes and tools. You will also need a lock, always use the iock when you don`t use the bike. \u00a0 We recommend always have your phone itwh you while biking in case of emergency.<\/p>\n<h4>Canoe and packraft Rental:<\/h4>\n<p>Canon 3 stats: NOK 500 pr. day \/ NOK 350 pr. extra day<\/p>\n<p>Packraft: \u00a01 man raft, NOK 1200 weekend \/ NOK 1800 week<\/p>\n<p>Includes wests, waterproof bag<\/p>\n<p><strong>Prices for driving out or collect:<\/strong><\/p>\n<p>NOK 500 one way 10 km *<\/p>\n<p>NOK 1200 one way 30 km *<\/p>\n<p>*Includes driver and driving<\/p>\n<h4>Please contact us at:<\/h4>\n<p>(+47) 977 61 521<br \/>\n<a href=\"mailto:post@rorosguide.no\">post@rorosguide.no<\/a><\/p>\n","protected":false},"excerpt":{"rendered":"<p>Bike rental prices: MTB, hardtail 1 day: \u00a0 NOK 500 Extra days?\u00a0 NOK 350 pr. extra day &nbsp; Full suspension bike 1 day: \u00a0 NOK 700 Extra\u00a0days? NOK 550 pr&#8230;.<\/p>\n","protected":false},"author":1,"featured_media":278,"parent":0,"menu_order":0,"comment_status":"closed","ping_status":"closed","template":"","meta":{"_exactmetrics_skip_tracking":false,"_exactmetrics_sitenote_active":false,"_exactmetrics_sitenote_note":"","_exactmetrics_sitenote_category":0,"footnotes":""},"yoast_head":"<!-- This site is optimized with the Yoast SEO plugin v23.5 - https:\/\/yoast.com\/wordpress\/plugins\/seo\/ -->\n<title>Rental - bike and canoe - R\u00f8ros Guide<\/title>\n<meta name=\"description\" content=\"R\u00f8ros Guide driver med guidede turer i R\u00f8rosregionen. Vi har turer ba\u030ade til fots og pa\u030a sykkelen, samt sykkelutleie.\" \/>\n<meta name=\"robots\" content=\"index, follow, max-snippet:-1, max-image-preview:large, max-video-preview:-1\" \/>\n<link rel=\"canonical\" href=\"https:\/\/rorosguide.no\/en\/rental-bike-and-canoe\/\" \/>\n<meta property=\"og:locale\" content=\"en_US\" \/>\n<meta property=\"og:type\" content=\"article\" \/>\n<meta property=\"og:title\" content=\"Rental - bike and canoe - R\u00f8ros Guide\" \/>\n<meta property=\"og:description\" content=\"R\u00f8ros Guide driver med guidede turer i R\u00f8rosregionen. Vi har turer ba\u030ade til fots og pa\u030a sykkelen, samt sykkelutleie.\" \/>\n<meta property=\"og:url\" content=\"https:\/\/rorosguide.no\/en\/rental-bike-and-canoe\/\" \/>\n<meta property=\"og:site_name\" content=\"R\u00f8ros Guide\" \/>\n<meta property=\"article:publisher\" content=\"https:\/\/www.facebook.com\/rorosguide\" \/>\n<meta property=\"article:modified_time\" content=\"2023-06-21T20:10:20+00:00\" \/>\n<meta property=\"og:image\" content=\"https:\/\/rorosguide.no\/wp-content\/uploads\/2019\/04\/IMG_12052.jpg\" \/>\n\t<meta property=\"og:image:width\" content=\"750\" \/>\n\t<meta property=\"og:image:height\" content=\"1334\" \/>\n\t<meta property=\"og:image:type\" content=\"image\/jpeg\" \/>\n<meta name=\"twitter:card\" content=\"summary_large_image\" \/>\n<meta name=\"twitter:label1\" content=\"Est. reading time\" \/>\n\t<meta name=\"twitter:data1\" content=\"2 minutes\" \/>\n<script type=\"application\/ld+json\" class=\"yoast-schema-graph\">{\"@context\":\"https:\/\/schema.org\",\"@graph\":[{\"@type\":\"WebPage\",\"@id\":\"https:\/\/rorosguide.no\/en\/rental-bike-and-canoe\/\",\"url\":\"https:\/\/rorosguide.no\/en\/rental-bike-and-canoe\/\",\"name\":\"Rental - bike and canoe - R\u00f8ros Guide\",\"isPartOf\":{\"@id\":\"https:\/\/rorosguide.no\/#website\"},\"primaryImageOfPage\":{\"@id\":\"https:\/\/rorosguide.no\/en\/rental-bike-and-canoe\/#primaryimage\"},\"image\":{\"@id\":\"https:\/\/rorosguide.no\/en\/rental-bike-and-canoe\/#primaryimage\"},\"thumbnailUrl\":\"https:\/\/rorosguide.no\/wp-content\/uploads\/2019\/04\/IMG_12052.jpg\",\"datePublished\":\"2019-04-11T12:48:42+00:00\",\"dateModified\":\"2023-06-21T20:10:20+00:00\",\"description\":\"R\u00f8ros Guide driver med guidede turer i R\u00f8rosregionen. Vi har turer ba\u030ade til fots og pa\u030a sykkelen, samt sykkelutleie.\",\"breadcrumb\":{\"@id\":\"https:\/\/rorosguide.no\/en\/rental-bike-and-canoe\/#breadcrumb\"},\"inLanguage\":\"en-US\",\"potentialAction\":[{\"@type\":\"ReadAction\",\"target\":[\"https:\/\/rorosguide.no\/en\/rental-bike-and-canoe\/\"]}]},{\"@type\":\"ImageObject\",\"inLanguage\":\"en-US\",\"@id\":\"https:\/\/rorosguide.no\/en\/rental-bike-and-canoe\/#primaryimage\",\"url\":\"https:\/\/rorosguide.no\/wp-content\/uploads\/2019\/04\/IMG_12052.jpg\",\"contentUrl\":\"https:\/\/rorosguide.no\/wp-content\/uploads\/2019\/04\/IMG_12052.jpg\",\"width\":750,\"height\":1334},{\"@type\":\"BreadcrumbList\",\"@id\":\"https:\/\/rorosguide.no\/en\/rental-bike-and-canoe\/#breadcrumb\",\"itemListElement\":[{\"@type\":\"ListItem\",\"position\":1,\"name\":\"Hjem\",\"item\":\"https:\/\/rorosguide.no\/\"},{\"@type\":\"ListItem\",\"position\":2,\"name\":\"Rental &#8211; bike and canoe\"}]},{\"@type\":\"WebSite\",\"@id\":\"https:\/\/rorosguide.no\/#website\",\"url\":\"https:\/\/rorosguide.no\/\",\"name\":\"R\u00f8ros Guide\",\"description\":\"\",\"publisher\":{\"@id\":\"https:\/\/rorosguide.no\/#organization\"},\"potentialAction\":[{\"@type\":\"SearchAction\",\"target\":{\"@type\":\"EntryPoint\",\"urlTemplate\":\"https:\/\/rorosguide.no\/?s={search_term_string}\"},\"query-input\":{\"@type\":\"PropertyValueSpecification\",\"valueRequired\":true,\"valueName\":\"search_term_string\"}}],\"inLanguage\":\"en-US\"},{\"@type\":\"Organization\",\"@id\":\"https:\/\/rorosguide.no\/#organization\",\"name\":\"R\u00f8ros Guide\",\"url\":\"https:\/\/rorosguide.no\/\",\"logo\":{\"@type\":\"ImageObject\",\"inLanguage\":\"en-US\",\"@id\":\"https:\/\/rorosguide.no\/#\/schema\/logo\/image\/\",\"url\":\"https:\/\/rorosguide.no\/wp-content\/uploads\/2019\/04\/rorosguide_liggende.png\",\"contentUrl\":\"https:\/\/rorosguide.no\/wp-content\/uploads\/2019\/04\/rorosguide_liggende.png\",\"width\":504,\"height\":235,\"caption\":\"R\u00f8ros Guide\"},\"image\":{\"@id\":\"https:\/\/rorosguide.no\/#\/schema\/logo\/image\/\"},\"sameAs\":[\"https:\/\/www.facebook.com\/rorosguide\",\"https:\/\/www.instagram.com\/roros_guide\/\"]}]}<\/script>\n<!-- \/ Yoast SEO plugin. -->","yoast_head_json":{"title":"Rental - bike and canoe - R\u00f8ros Guide","description":"R\u00f8ros Guide driver med guidede turer i R\u00f8rosregionen. Vi har turer ba\u030ade til fots og pa\u030a sykkelen, samt sykkelutleie.","robots":{"index":"index","follow":"follow","max-snippet":"max-snippet:-1","max-image-preview":"max-image-preview:large","max-video-preview":"max-video-preview:-1"},"canonical":"https:\/\/rorosguide.no\/en\/rental-bike-and-canoe\/","og_locale":"en_US","og_type":"article","og_title":"Rental - bike and canoe - R\u00f8ros Guide","og_description":"R\u00f8ros Guide driver med guidede turer i R\u00f8rosregionen. Vi har turer ba\u030ade til fots og pa\u030a sykkelen, samt sykkelutleie.","og_url":"https:\/\/rorosguide.no\/en\/rental-bike-and-canoe\/","og_site_name":"R\u00f8ros Guide","article_publisher":"https:\/\/www.facebook.com\/rorosguide","article_modified_time":"2023-06-21T20:10:20+00:00","og_image":[{"width":750,"height":1334,"url":"https:\/\/rorosguide.no\/wp-content\/uploads\/2019\/04\/IMG_12052.jpg","type":"image\/jpeg"}],"twitter_card":"summary_large_image","twitter_misc":{"Est. reading time":"2 minutes"},"schema":{"@context":"https:\/\/schema.org","@graph":[{"@type":"WebPage","@id":"https:\/\/rorosguide.no\/en\/rental-bike-and-canoe\/","url":"https:\/\/rorosguide.no\/en\/rental-bike-and-canoe\/","name":"Rental - bike and canoe - R\u00f8ros Guide","isPartOf":{"@id":"https:\/\/rorosguide.no\/#website"},"primaryImageOfPage":{"@id":"https:\/\/rorosguide.no\/en\/rental-bike-and-canoe\/#primaryimage"},"image":{"@id":"https:\/\/rorosguide.no\/en\/rental-bike-and-canoe\/#primaryimage"},"thumbnailUrl":"https:\/\/rorosguide.no\/wp-content\/uploads\/2019\/04\/IMG_12052.jpg","datePublished":"2019-04-11T12:48:42+00:00","dateModified":"2023-06-21T20:10:20+00:00","description":"R\u00f8ros Guide driver med guidede turer i R\u00f8rosregionen. Vi har turer ba\u030ade til fots og pa\u030a sykkelen, samt sykkelutleie.","breadcrumb":{"@id":"https:\/\/rorosguide.no\/en\/rental-bike-and-canoe\/#breadcrumb"},"inLanguage":"en-US","potentialAction":[{"@type":"ReadAction","target":["https:\/\/rorosguide.no\/en\/rental-bike-and-canoe\/"]}]},{"@type":"ImageObject","inLanguage":"en-US","@id":"https:\/\/rorosguide.no\/en\/rental-bike-and-canoe\/#primaryimage","url":"https:\/\/rorosguide.no\/wp-content\/uploads\/2019\/04\/IMG_12052.jpg","contentUrl":"https:\/\/rorosguide.no\/wp-content\/uploads\/2019\/04\/IMG_12052.jpg","width":750,"height":1334},{"@type":"BreadcrumbList","@id":"https:\/\/rorosguide.no\/en\/rental-bike-and-canoe\/#breadcrumb","itemListElement":[{"@type":"ListItem","position":1,"name":"Hjem","item":"https:\/\/rorosguide.no\/"},{"@type":"ListItem","position":2,"name":"Rental &#8211; bike and canoe"}]},{"@type":"WebSite","@id":"https:\/\/rorosguide.no\/#website","url":"https:\/\/rorosguide.no\/","name":"R\u00f8ros Guide","description":"","publisher":{"@id":"https:\/\/rorosguide.no\/#organization"},"potentialAction":[{"@type":"SearchAction","target":{"@type":"EntryPoint","urlTemplate":"https:\/\/rorosguide.no\/?s={search_term_string}"},"query-input":{"@type":"PropertyValueSpecification","valueRequired":true,"valueName":"search_term_string"}}],"inLanguage":"en-US"},{"@type":"Organization","@id":"https:\/\/rorosguide.no\/#organization","name":"R\u00f8ros Guide","url":"https:\/\/rorosguide.no\/","logo":{"@type":"ImageObject","inLanguage":"en-US","@id":"https:\/\/rorosguide.no\/#\/schema\/logo\/image\/","url":"https:\/\/rorosguide.no\/wp-content\/uploads\/2019\/04\/rorosguide_liggende.png","contentUrl":"https:\/\/rorosguide.no\/wp-content\/uploads\/2019\/04\/rorosguide_liggende.png","width":504,"height":235,"caption":"R\u00f8ros Guide"},"image":{"@id":"https:\/\/rorosguide.no\/#\/schema\/logo\/image\/"},"sameAs":["https:\/\/www.facebook.com\/rorosguide","https:\/\/www.instagram.com\/roros_guide\/"]}]}},"_links":{"self":[{"href":"https:\/\/rorosguide.no\/en\/wp-json\/wp\/v2\/pages\/468"}],"collection":[{"href":"https:\/\/rorosguide.no\/en\/wp-json\/wp\/v2\/pages"}],"about":[{"href":"https:\/\/rorosguide.no\/en\/wp-json\/wp\/v2\/types\/page"}],"author":[{"embeddable":true,"href":"https:\/\/rorosguide.no\/en\/wp-json\/wp\/v2\/users\/1"}],"replies":[{"embeddable":true,"href":"https:\/\/rorosguide.no\/en\/wp-json\/wp\/v2\/comments?post=468"}],"version-history":[{"count":15,"href":"https:\/\/rorosguide.no\/en\/wp-json\/wp\/v2\/pages\/468\/revisions"}],"predecessor-version":[{"id":1133,"href":"https:\/\/rorosguide.no\/en\/wp-json\/wp\/v2\/pages\/468\/revisions\/1133"}],"wp:featuredmedia":[{"embeddable":true,"href":"https:\/\/rorosguide.no\/en\/wp-json\/wp\/v2\/media\/278"}],"wp:attachment":[{"href":"https:\/\/rorosguide.no\/en\/wp-json\/wp\/v2\/media?parent=468"}],"curies":[{"name":"wp","href":"https:\/\/api.w.org\/{rel}","templated":true}]}}