{"id":483,"date":"2019-04-11T14:54:10","date_gmt":"2019-04-11T12:54:10","guid":{"rendered":"https:\/\/rorosguide.no\/sykkelverksted\/"},"modified":"2019-04-11T19:34:08","modified_gmt":"2019-04-11T17:34:08","slug":"bike-repair","status":"publish","type":"page","link":"https:\/\/rorosguide.no\/en\/bike-repair\/","title":{"rendered":"Bike repair"},"content":{"rendered":"<p>Please contact us at post@rorosguide.no or + 47 97761521.<\/p>\n","protected":false},"excerpt":{"rendered":"<p>Please contact us at post@rorosguide.no or + 47 97761521.<\/p>\n","protected":false},"author":1,"featured_media":0,"parent":0,"menu_order":0,"comment_status":"closed","ping_status":"closed","template":"","meta":{"_exactmetrics_skip_tracking":false,"_exactmetrics_sitenote_active":false,"_exactmetrics_sitenote_note":"","_exactmetrics_sitenote_category":0,"footnotes":""},"yoast_head":"<!-- This site is optimized with the Yoast SEO plugin v23.5 - https:\/\/yoast.com\/wordpress\/plugins\/seo\/ -->\n<title>Bike repair - R\u00f8ros Guide<\/title>\n<meta name=\"description\" content=\"R\u00f8ros Guide driver med guidede turer i R\u00f8rosregionen. Vi har turer ba\u030ade til fots og pa\u030a sykkelen, samt sykkelutleie.\" \/>\n<meta name=\"robots\" content=\"index, follow, max-snippet:-1, max-image-preview:large, max-video-preview:-1\" \/>\n<link rel=\"canonical\" href=\"https:\/\/rorosguide.no\/en\/bike-repair\/\" \/>\n<meta property=\"og:locale\" content=\"en_US\" \/>\n<meta property=\"og:type\" content=\"article\" \/>\n<meta property=\"og:title\" content=\"Bike repair - R\u00f8ros Guide\" \/>\n<meta property=\"og:description\" content=\"R\u00f8ros Guide driver med guidede turer i R\u00f8rosregionen. Vi har turer ba\u030ade til fots og pa\u030a sykkelen, samt sykkelutleie.\" \/>\n<meta property=\"og:url\" content=\"https:\/\/rorosguide.no\/en\/bike-repair\/\" \/>\n<meta property=\"og:site_name\" content=\"R\u00f8ros Guide\" \/>\n<meta property=\"article:publisher\" content=\"https:\/\/www.facebook.com\/rorosguide\" \/>\n<meta property=\"article:modified_time\" content=\"2019-04-11T17:34:08+00:00\" \/>\n<meta name=\"twitter:card\" content=\"summary_large_image\" \/>\n<script type=\"application\/ld+json\" class=\"yoast-schema-graph\">{\"@context\":\"https:\/\/schema.org\",\"@graph\":[{\"@type\":\"WebPage\",\"@id\":\"https:\/\/rorosguide.no\/en\/bike-repair\/\",\"url\":\"https:\/\/rorosguide.no\/en\/bike-repair\/\",\"name\":\"Bike repair - R\u00f8ros Guide\",\"isPartOf\":{\"@id\":\"https:\/\/rorosguide.no\/#website\"},\"datePublished\":\"2019-04-11T12:54:10+00:00\",\"dateModified\":\"2019-04-11T17:34:08+00:00\",\"description\":\"R\u00f8ros Guide driver med guidede turer i R\u00f8rosregionen. Vi har turer ba\u030ade til fots og pa\u030a sykkelen, samt sykkelutleie.\",\"breadcrumb\":{\"@id\":\"https:\/\/rorosguide.no\/en\/bike-repair\/#breadcrumb\"},\"inLanguage\":\"en-US\",\"potentialAction\":[{\"@type\":\"ReadAction\",\"target\":[\"https:\/\/rorosguide.no\/en\/bike-repair\/\"]}]},{\"@type\":\"BreadcrumbList\",\"@id\":\"https:\/\/rorosguide.no\/en\/bike-repair\/#breadcrumb\",\"itemListElement\":[{\"@type\":\"ListItem\",\"position\":1,\"name\":\"Hjem\",\"item\":\"https:\/\/rorosguide.no\/\"},{\"@type\":\"ListItem\",\"position\":2,\"name\":\"Bike repair\"}]},{\"@type\":\"WebSite\",\"@id\":\"https:\/\/rorosguide.no\/#website\",\"url\":\"https:\/\/rorosguide.no\/\",\"name\":\"R\u00f8ros Guide\",\"description\":\"\",\"publisher\":{\"@id\":\"https:\/\/rorosguide.no\/#organization\"},\"potentialAction\":[{\"@type\":\"SearchAction\",\"target\":{\"@type\":\"EntryPoint\",\"urlTemplate\":\"https:\/\/rorosguide.no\/?s={search_term_string}\"},\"query-input\":{\"@type\":\"PropertyValueSpecification\",\"valueRequired\":true,\"valueName\":\"search_term_string\"}}],\"inLanguage\":\"en-US\"},{\"@type\":\"Organization\",\"@id\":\"https:\/\/rorosguide.no\/#organization\",\"name\":\"R\u00f8ros Guide\",\"url\":\"https:\/\/rorosguide.no\/\",\"logo\":{\"@type\":\"ImageObject\",\"inLanguage\":\"en-US\",\"@id\":\"https:\/\/rorosguide.no\/#\/schema\/logo\/image\/\",\"url\":\"https:\/\/rorosguide.no\/wp-content\/uploads\/2019\/04\/rorosguide_liggende.png\",\"contentUrl\":\"https:\/\/rorosguide.no\/wp-content\/uploads\/2019\/04\/rorosguide_liggende.png\",\"width\":504,\"height\":235,\"caption\":\"R\u00f8ros Guide\"},\"image\":{\"@id\":\"https:\/\/rorosguide.no\/#\/schema\/logo\/image\/\"},\"sameAs\":[\"https:\/\/www.facebook.com\/rorosguide\",\"https:\/\/www.instagram.com\/roros_guide\/\"]}]}<\/script>\n<!-- \/ Yoast SEO plugin. -->","yoast_head_json":{"title":"Bike repair - R\u00f8ros Guide","description":"R\u00f8ros Guide driver med guidede turer i R\u00f8rosregionen. Vi har turer ba\u030ade til fots og pa\u030a sykkelen, samt sykkelutleie.","robots":{"index":"index","follow":"follow","max-snippet":"max-snippet:-1","max-image-preview":"max-image-preview:large","max-video-preview":"max-video-preview:-1"},"canonical":"https:\/\/rorosguide.no\/en\/bike-repair\/","og_locale":"en_US","og_type":"article","og_title":"Bike repair - R\u00f8ros Guide","og_description":"R\u00f8ros Guide driver med guidede turer i R\u00f8rosregionen. Vi har turer ba\u030ade til fots og pa\u030a sykkelen, samt sykkelutleie.","og_url":"https:\/\/rorosguide.no\/en\/bike-repair\/","og_site_name":"R\u00f8ros Guide","article_publisher":"https:\/\/www.facebook.com\/rorosguide","article_modified_time":"2019-04-11T17:34:08+00:00","twitter_card":"summary_large_image","schema":{"@context":"https:\/\/schema.org","@graph":[{"@type":"WebPage","@id":"https:\/\/rorosguide.no\/en\/bike-repair\/","url":"https:\/\/rorosguide.no\/en\/bike-repair\/","name":"Bike repair - R\u00f8ros Guide","isPartOf":{"@id":"https:\/\/rorosguide.no\/#website"},"datePublished":"2019-04-11T12:54:10+00:00","dateModified":"2019-04-11T17:34:08+00:00","description":"R\u00f8ros Guide driver med guidede turer i R\u00f8rosregionen. Vi har turer ba\u030ade til fots og pa\u030a sykkelen, samt sykkelutleie.","breadcrumb":{"@id":"https:\/\/rorosguide.no\/en\/bike-repair\/#breadcrumb"},"inLanguage":"en-US","potentialAction":[{"@type":"ReadAction","target":["https:\/\/rorosguide.no\/en\/bike-repair\/"]}]},{"@type":"BreadcrumbList","@id":"https:\/\/rorosguide.no\/en\/bike-repair\/#breadcrumb","itemListElement":[{"@type":"ListItem","position":1,"name":"Hjem","item":"https:\/\/rorosguide.no\/"},{"@type":"ListItem","position":2,"name":"Bike repair"}]},{"@type":"WebSite","@id":"https:\/\/rorosguide.no\/#website","url":"https:\/\/rorosguide.no\/","name":"R\u00f8ros Guide","description":"","publisher":{"@id":"https:\/\/rorosguide.no\/#organization"},"potentialAction":[{"@type":"SearchAction","target":{"@type":"EntryPoint","urlTemplate":"https:\/\/rorosguide.no\/?s={search_term_string}"},"query-input":{"@type":"PropertyValueSpecification","valueRequired":true,"valueName":"search_term_string"}}],"inLanguage":"en-US"},{"@type":"Organization","@id":"https:\/\/rorosguide.no\/#organization","name":"R\u00f8ros Guide","url":"https:\/\/rorosguide.no\/","logo":{"@type":"ImageObject","inLanguage":"en-US","@id":"https:\/\/rorosguide.no\/#\/schema\/logo\/image\/","url":"https:\/\/rorosguide.no\/wp-content\/uploads\/2019\/04\/rorosguide_liggende.png","contentUrl":"https:\/\/rorosguide.no\/wp-content\/uploads\/2019\/04\/rorosguide_liggende.png","width":504,"height":235,"caption":"R\u00f8ros Guide"},"image":{"@id":"https:\/\/rorosguide.no\/#\/schema\/logo\/image\/"},"sameAs":["https:\/\/www.facebook.com\/rorosguide","https:\/\/www.instagram.com\/roros_guide\/"]}]}},"_links":{"self":[{"href":"https:\/\/rorosguide.no\/en\/wp-json\/wp\/v2\/pages\/483"}],"collection":[{"href":"https:\/\/rorosguide.no\/en\/wp-json\/wp\/v2\/pages"}],"about":[{"href":"https:\/\/rorosguide.no\/en\/wp-json\/wp\/v2\/types\/page"}],"author":[{"embeddable":true,"href":"https:\/\/rorosguide.no\/en\/wp-json\/wp\/v2\/users\/1"}],"replies":[{"embeddable":true,"href":"https:\/\/rorosguide.no\/en\/wp-json\/wp\/v2\/comments?post=483"}],"version-history":[{"count":5,"href":"https:\/\/rorosguide.no\/en\/wp-json\/wp\/v2\/pages\/483\/revisions"}],"predecessor-version":[{"id":497,"href":"https:\/\/rorosguide.no\/en\/wp-json\/wp\/v2\/pages\/483\/revisions\/497"}],"wp:attachment":[{"href":"https:\/\/rorosguide.no\/en\/wp-json\/wp\/v2\/media?parent=483"}],"curies":[{"name":"wp","href":"https:\/\/api.w.org\/{rel}","templated":true}]}}